{"id":13225,"date":"2016-02-22T18:47:59","date_gmt":"2016-02-22T17:47:59","guid":{"rendered":"https:\/\/laiaossorio.com\/sobre\/"},"modified":"2025-04-25T20:33:45","modified_gmt":"2025-04-25T18:33:45","slug":"about","status":"publish","type":"page","link":"https:\/\/laiaossorio.com\/en\/about\/","title":{"rendered":"Acerca de Laia Ossorio"},"content":{"rendered":"\n<div class=\"wp-block-group container-fluid hero\"><div class=\"wp-block-group__inner-container is-layout-constrained wp-block-group-is-layout-constrained\">\n<div class=\"wp-block-columns row is-layout-flex wp-container-core-columns-is-layout-9d6595d7 wp-block-columns-is-layout-flex\">\n<div class=\"wp-block-column is-vertically-aligned-center is-layout-flow wp-block-column-is-layout-flow\">\n<h2 class=\"wp-block-heading has-text-align-center title\"><br>Laia Ossorio creates jewelry that blends traditional casting techniques with handcrafted processes, resulting in unique pieces full of character.<\/h2>\n\n\n\n<p class=\"has-text-align-center text\"><br>Our collections explore the space between artisanal tradition and contemporary design, offering versatile pieces that reflect the richness of both worlds. Each piece retains marks, variations, and imperfections that reveal the handmade process, giving every jewel its own authentic and singular character.<\/p>\n<\/div>\n\n\n\n<div class=\"wp-block-column is-layout-flow wp-block-column-is-layout-flow\">\n<figure class=\"wp-block-image size-full\"><img loading=\"lazy\" decoding=\"async\" width=\"1200\" height=\"1500\" src=\"https:\/\/laiaossorio.com\/wp-content\/uploads\/2025\/01\/joyas-piezas-unicas.jpg\" alt=\"\" class=\"wp-image-11269\" srcset=\"https:\/\/laiaossorio.com\/wp-content\/uploads\/2025\/01\/joyas-piezas-unicas.jpg 1200w, https:\/\/laiaossorio.com\/wp-content\/uploads\/2025\/01\/joyas-piezas-unicas-660x825.jpg 660w, https:\/\/laiaossorio.com\/wp-content\/uploads\/2025\/01\/joyas-piezas-unicas-240x300.jpg 240w, https:\/\/laiaossorio.com\/wp-content\/uploads\/2025\/01\/joyas-piezas-unicas-819x1024.jpg 819w, https:\/\/laiaossorio.com\/wp-content\/uploads\/2025\/01\/joyas-piezas-unicas-768x960.jpg 768w\" sizes=\"auto, (max-width: 1200px) 100vw, 1200px\" \/><\/figure>\n<\/div>\n<\/div>\n<\/div><\/div>\n\n\n\n<div class=\"wp-block-group container-fluid\"><div class=\"wp-block-group__inner-container is-layout-constrained wp-block-group-is-layout-constrained\">\n<div class=\"wp-block-columns row is-layout-flex wp-container-core-columns-is-layout-9d6595d7 wp-block-columns-is-layout-flex\">\n<div class=\"wp-block-column is-vertically-aligned-center is-layout-flow wp-block-column-is-layout-flow\"><style>.wp-block-kadence-spacer.kt-block-spacer-13225_3dbaca-9e .kt-block-spacer{height:50px;}.wp-block-kadence-spacer.kt-block-spacer-13225_3dbaca-9e .kt-divider{border-top-width:1px;height:1px;border-top-color:var(--contrast);width:100%;border-top-style:solid;}<\/style>\n<div class=\"wp-block-kadence-spacer aligncenter kt-block-spacer-13225_3dbaca-9e row\"><div class=\"kt-block-spacer kt-block-spacer-halign-center\"><hr class=\"kt-divider\"\/><\/div><\/div>\n<\/div>\n<\/div>\n<\/div><\/div>\n\n\n\n<div style=\"height:85px\" aria-hidden=\"true\" class=\"wp-block-spacer\"><\/div>\n\n\n\n<div class=\"wp-block-group container-fluid\"><div class=\"wp-block-group__inner-container is-layout-constrained wp-block-group-is-layout-constrained\">\n<div class=\"wp-block-columns row justify-content-center is-layout-flex wp-container-core-columns-is-layout-9d6595d7 wp-block-columns-is-layout-flex\">\n<div class=\"wp-block-column is-vertically-aligned-center is-layout-flow wp-block-column-is-layout-flow\" style=\"flex-basis:50%\">\n<h2 class=\"wp-block-heading has-text-align-center title\"><br>At the heart of our brand, we are guided by principles of environmental respect, passion for craftsmanship, and excellence.<\/h2>\n\n\n\n<p class=\"has-text-align-center text\">We create unique and durable jewelry through a fully sustainable process: we reuse every fragment of sterling silver and gold, melting scraps to create new ingots and generating zero waste.<\/p>\n\n\n\n<p>Proudly, we design and craft our pieces in our Barcelona workshop, fostering local creativity and collaborating with local suppliers to support the city&#8217;s artisanal network.<\/p>\n\n\n\n<p class=\"has-text-align-center text\">Book your visit.<\/p>\n<\/div>\n<\/div>\n<\/div><\/div>\n\n\n\n<div style=\"height:200px\" aria-hidden=\"true\" class=\"wp-block-spacer\"><\/div>\n\n\n\n<div class=\"wp-block-group container-fluid\"><div class=\"wp-block-group__inner-container is-layout-constrained wp-block-group-is-layout-constrained\">\n<div class=\"wp-block-columns row row-img is-layout-flex wp-container-core-columns-is-layout-9d6595d7 wp-block-columns-is-layout-flex\">\n<div class=\"wp-block-column is-layout-flow wp-block-column-is-layout-flow\">\n<figure class=\"wp-block-image size-full\"><img loading=\"lazy\" decoding=\"async\" width=\"592\" height=\"740\" src=\"https:\/\/laiaossorio.com\/wp-content\/uploads\/2025\/01\/laia-ossorio-joyera-barcelona.jpg\" alt=\"\" class=\"wp-image-11270\" srcset=\"https:\/\/laiaossorio.com\/wp-content\/uploads\/2025\/01\/laia-ossorio-joyera-barcelona.jpg 592w, https:\/\/laiaossorio.com\/wp-content\/uploads\/2025\/01\/laia-ossorio-joyera-barcelona-240x300.jpg 240w\" sizes=\"auto, (max-width: 592px) 100vw, 592px\" \/><\/figure>\n<\/div>\n\n\n\n<div class=\"wp-block-column is-layout-flow wp-block-column-is-layout-flow\">\n<figure class=\"wp-block-image size-full\"><img loading=\"lazy\" decoding=\"async\" width=\"1200\" height=\"1500\" src=\"https:\/\/laiaossorio.com\/wp-content\/uploads\/2025\/01\/taller-joyeria-laia-ossorio.jpg\" alt=\"\" class=\"wp-image-11271\" srcset=\"https:\/\/laiaossorio.com\/wp-content\/uploads\/2025\/01\/taller-joyeria-laia-ossorio.jpg 1200w, https:\/\/laiaossorio.com\/wp-content\/uploads\/2025\/01\/taller-joyeria-laia-ossorio-660x825.jpg 660w, https:\/\/laiaossorio.com\/wp-content\/uploads\/2025\/01\/taller-joyeria-laia-ossorio-240x300.jpg 240w, https:\/\/laiaossorio.com\/wp-content\/uploads\/2025\/01\/taller-joyeria-laia-ossorio-819x1024.jpg 819w, https:\/\/laiaossorio.com\/wp-content\/uploads\/2025\/01\/taller-joyeria-laia-ossorio-768x960.jpg 768w\" sizes=\"auto, (max-width: 1200px) 100vw, 1200px\" \/><\/figure>\n<\/div>\n<\/div>\n\n\n\n<p class=\"has-text-align-center text\"><br>Our studio is located at Carrer de Les Pedreres 30, 3rd floor, Poble Sec, Barcelona.<\/p>\n<\/div><\/div>\n\n\n\n<div style=\"height:70px\" aria-hidden=\"true\" class=\"wp-block-spacer\"><\/div>\n","protected":false},"excerpt":{"rendered":"<p>Laia Ossorio es la marca de joyas para todas aquellas mujeres que aman la feminidad.  Se sienten libres y son creadoras de su propio viaje.  <\/p>\n","protected":false},"author":2,"featured_media":13044,"parent":0,"menu_order":0,"comment_status":"closed","ping_status":"closed","template":"","meta":{"inline_featured_image":false,"postBodyCss":"","postBodyMargin":[],"postBodyPadding":[],"postBodyBackground":{"backgroundType":"classic","gradient":""},"footnotes":""},"class_list":{"0":"post-13225","1":"page","2":"type-page","3":"status-publish","4":"has-post-thumbnail","6":"infinite-scroll-item","7":"no-featured-image-padding"},"yoast_head":"<!-- This site is optimized with the Yoast SEO plugin v27.3 - https:\/\/yoast.com\/product\/yoast-seo-wordpress\/ -->\n<title>Laia Ossorio - Joyer\u00eda artesanal Barcelona<\/title>\n<meta name=\"description\" content=\"En el coraz\u00f3n de nuestra marca, nos guiamos por principios de respeto ambiental, pasi\u00f3n por la artesan\u00eda y excelencia. Creamos joyas \u00fanicas.\" \/>\n<meta name=\"robots\" content=\"index, follow, max-snippet:-1, max-image-preview:large, max-video-preview:-1\" \/>\n<link rel=\"canonical\" href=\"https:\/\/laiaossorio.com\/en\/about\/\" \/>\n<meta property=\"og:locale\" content=\"en_US\" \/>\n<meta property=\"og:type\" content=\"article\" \/>\n<meta property=\"og:title\" content=\"Laia Ossorio - Joyer\u00eda artesanal Barcelona\" \/>\n<meta property=\"og:description\" content=\"En el coraz\u00f3n de nuestra marca, nos guiamos por principios de respeto ambiental, pasi\u00f3n por la artesan\u00eda y excelencia. Creamos joyas \u00fanicas.\" \/>\n<meta property=\"og:url\" content=\"https:\/\/laiaossorio.com\/en\/about\/\" \/>\n<meta property=\"og:site_name\" content=\"Laia Ossorio\" \/>\n<meta property=\"article:modified_time\" content=\"2025-04-25T18:33:45+00:00\" \/>\n<meta property=\"og:image\" content=\"https:\/\/laiaossorio.com\/wp-content\/uploads\/2024\/04\/joyas-artesanales-eszter-gal.jpg\" \/>\n\t<meta property=\"og:image:width\" content=\"600\" \/>\n\t<meta property=\"og:image:height\" content=\"750\" \/>\n\t<meta property=\"og:image:type\" content=\"image\/jpeg\" \/>\n<meta name=\"twitter:card\" content=\"summary_large_image\" \/>\n<meta name=\"twitter:label1\" content=\"Est. reading time\" \/>\n\t<meta name=\"twitter:data1\" content=\"2 minutes\" \/>\n<script type=\"application\/ld+json\" class=\"yoast-schema-graph\">{\"@context\":\"https:\\\/\\\/schema.org\",\"@graph\":[{\"@type\":\"WebPage\",\"@id\":\"https:\\\/\\\/laiaossorio.com\\\/en\\\/about\\\/\",\"url\":\"https:\\\/\\\/laiaossorio.com\\\/en\\\/about\\\/\",\"name\":\"Laia Ossorio - Joyer\u00eda artesanal Barcelona\",\"isPartOf\":{\"@id\":\"https:\\\/\\\/laiaossorio.com\\\/en\\\/#website\"},\"primaryImageOfPage\":{\"@id\":\"https:\\\/\\\/laiaossorio.com\\\/en\\\/about\\\/#primaryimage\"},\"image\":{\"@id\":\"https:\\\/\\\/laiaossorio.com\\\/en\\\/about\\\/#primaryimage\"},\"thumbnailUrl\":\"https:\\\/\\\/laiaossorio.com\\\/wp-content\\\/uploads\\\/2024\\\/04\\\/joyas-artesanales-eszter-gal.jpg\",\"datePublished\":\"2016-02-22T17:47:59+00:00\",\"dateModified\":\"2025-04-25T18:33:45+00:00\",\"description\":\"En el coraz\u00f3n de nuestra marca, nos guiamos por principios de respeto ambiental, pasi\u00f3n por la artesan\u00eda y excelencia. Creamos joyas \u00fanicas.\",\"breadcrumb\":{\"@id\":\"https:\\\/\\\/laiaossorio.com\\\/en\\\/about\\\/#breadcrumb\"},\"inLanguage\":\"en-US\",\"potentialAction\":[{\"@type\":\"ReadAction\",\"target\":[\"https:\\\/\\\/laiaossorio.com\\\/en\\\/about\\\/\"]}]},{\"@type\":\"ImageObject\",\"inLanguage\":\"en-US\",\"@id\":\"https:\\\/\\\/laiaossorio.com\\\/en\\\/about\\\/#primaryimage\",\"url\":\"https:\\\/\\\/laiaossorio.com\\\/wp-content\\\/uploads\\\/2024\\\/04\\\/joyas-artesanales-eszter-gal.jpg\",\"contentUrl\":\"https:\\\/\\\/laiaossorio.com\\\/wp-content\\\/uploads\\\/2024\\\/04\\\/joyas-artesanales-eszter-gal.jpg\",\"width\":600,\"height\":750},{\"@type\":\"BreadcrumbList\",\"@id\":\"https:\\\/\\\/laiaossorio.com\\\/en\\\/about\\\/#breadcrumb\",\"itemListElement\":[{\"@type\":\"ListItem\",\"position\":1,\"name\":\"Portada\",\"item\":\"https:\\\/\\\/laiaossorio.com\\\/en\\\/\"},{\"@type\":\"ListItem\",\"position\":2,\"name\":\"Acerca de Laia Ossorio\"}]},{\"@type\":\"WebSite\",\"@id\":\"https:\\\/\\\/laiaossorio.com\\\/en\\\/#website\",\"url\":\"https:\\\/\\\/laiaossorio.com\\\/en\\\/\",\"name\":\"Laia Ossorio\",\"description\":\"Joyer\u00eda artesanal en metales preciosos en Barcelon\",\"publisher\":{\"@id\":\"https:\\\/\\\/laiaossorio.com\\\/en\\\/#\\\/schema\\\/person\\\/d84e6e396b2b8b341aba32353448bc61\"},\"potentialAction\":[{\"@type\":\"SearchAction\",\"target\":{\"@type\":\"EntryPoint\",\"urlTemplate\":\"https:\\\/\\\/laiaossorio.com\\\/en\\\/?s={search_term_string}\"},\"query-input\":{\"@type\":\"PropertyValueSpecification\",\"valueRequired\":true,\"valueName\":\"search_term_string\"}}],\"inLanguage\":\"en-US\"},{\"@type\":[\"Person\",\"Organization\"],\"@id\":\"https:\\\/\\\/laiaossorio.com\\\/en\\\/#\\\/schema\\\/person\\\/d84e6e396b2b8b341aba32353448bc61\",\"name\":\"Laia Ossorio\",\"image\":{\"@type\":\"ImageObject\",\"inLanguage\":\"en-US\",\"@id\":\"https:\\\/\\\/laiaossorio.com\\\/wp-content\\\/uploads\\\/2025\\\/03\\\/logotipo-laia-ossorio.png\",\"url\":\"https:\\\/\\\/laiaossorio.com\\\/wp-content\\\/uploads\\\/2025\\\/03\\\/logotipo-laia-ossorio.png\",\"contentUrl\":\"https:\\\/\\\/laiaossorio.com\\\/wp-content\\\/uploads\\\/2025\\\/03\\\/logotipo-laia-ossorio.png\",\"width\":696,\"height\":696,\"caption\":\"Laia Ossorio\"},\"logo\":{\"@id\":\"https:\\\/\\\/laiaossorio.com\\\/wp-content\\\/uploads\\\/2025\\\/03\\\/logotipo-laia-ossorio.png\"},\"description\":\"\u00a1Hola! Soy Laia Ossorio fundadora de la marca. Te animo a que te unas a la comunidad de mujeres bellas y creativas mientras te cuento de cerca mi proyecto. Las colaboraciones potentes que he realizado y la gente maravillosa que voy conociendo a lo largo del camino. As\u00ed como todo lo que me inspira actualmente.\",\"sameAs\":[\"http:\\\/\\\/www.laiaossorio.dev\"]}]}<\/script>\n<!-- \/ Yoast SEO plugin. -->","yoast_head_json":{"title":"Laia Ossorio - Joyer\u00eda artesanal Barcelona","description":"En el coraz\u00f3n de nuestra marca, nos guiamos por principios de respeto ambiental, pasi\u00f3n por la artesan\u00eda y excelencia. Creamos joyas \u00fanicas.","robots":{"index":"index","follow":"follow","max-snippet":"max-snippet:-1","max-image-preview":"max-image-preview:large","max-video-preview":"max-video-preview:-1"},"canonical":"https:\/\/laiaossorio.com\/en\/about\/","og_locale":"en_US","og_type":"article","og_title":"Laia Ossorio - Joyer\u00eda artesanal Barcelona","og_description":"En el coraz\u00f3n de nuestra marca, nos guiamos por principios de respeto ambiental, pasi\u00f3n por la artesan\u00eda y excelencia. Creamos joyas \u00fanicas.","og_url":"https:\/\/laiaossorio.com\/en\/about\/","og_site_name":"Laia Ossorio","article_modified_time":"2025-04-25T18:33:45+00:00","og_image":[{"width":600,"height":750,"url":"https:\/\/laiaossorio.com\/wp-content\/uploads\/2024\/04\/joyas-artesanales-eszter-gal.jpg","type":"image\/jpeg"}],"twitter_card":"summary_large_image","twitter_misc":{"Est. reading time":"2 minutes"},"schema":{"@context":"https:\/\/schema.org","@graph":[{"@type":"WebPage","@id":"https:\/\/laiaossorio.com\/en\/about\/","url":"https:\/\/laiaossorio.com\/en\/about\/","name":"Laia Ossorio - Joyer\u00eda artesanal Barcelona","isPartOf":{"@id":"https:\/\/laiaossorio.com\/en\/#website"},"primaryImageOfPage":{"@id":"https:\/\/laiaossorio.com\/en\/about\/#primaryimage"},"image":{"@id":"https:\/\/laiaossorio.com\/en\/about\/#primaryimage"},"thumbnailUrl":"https:\/\/laiaossorio.com\/wp-content\/uploads\/2024\/04\/joyas-artesanales-eszter-gal.jpg","datePublished":"2016-02-22T17:47:59+00:00","dateModified":"2025-04-25T18:33:45+00:00","description":"En el coraz\u00f3n de nuestra marca, nos guiamos por principios de respeto ambiental, pasi\u00f3n por la artesan\u00eda y excelencia. Creamos joyas \u00fanicas.","breadcrumb":{"@id":"https:\/\/laiaossorio.com\/en\/about\/#breadcrumb"},"inLanguage":"en-US","potentialAction":[{"@type":"ReadAction","target":["https:\/\/laiaossorio.com\/en\/about\/"]}]},{"@type":"ImageObject","inLanguage":"en-US","@id":"https:\/\/laiaossorio.com\/en\/about\/#primaryimage","url":"https:\/\/laiaossorio.com\/wp-content\/uploads\/2024\/04\/joyas-artesanales-eszter-gal.jpg","contentUrl":"https:\/\/laiaossorio.com\/wp-content\/uploads\/2024\/04\/joyas-artesanales-eszter-gal.jpg","width":600,"height":750},{"@type":"BreadcrumbList","@id":"https:\/\/laiaossorio.com\/en\/about\/#breadcrumb","itemListElement":[{"@type":"ListItem","position":1,"name":"Portada","item":"https:\/\/laiaossorio.com\/en\/"},{"@type":"ListItem","position":2,"name":"Acerca de Laia Ossorio"}]},{"@type":"WebSite","@id":"https:\/\/laiaossorio.com\/en\/#website","url":"https:\/\/laiaossorio.com\/en\/","name":"Laia Ossorio","description":"Joyer\u00eda artesanal en metales preciosos en Barcelon","publisher":{"@id":"https:\/\/laiaossorio.com\/en\/#\/schema\/person\/d84e6e396b2b8b341aba32353448bc61"},"potentialAction":[{"@type":"SearchAction","target":{"@type":"EntryPoint","urlTemplate":"https:\/\/laiaossorio.com\/en\/?s={search_term_string}"},"query-input":{"@type":"PropertyValueSpecification","valueRequired":true,"valueName":"search_term_string"}}],"inLanguage":"en-US"},{"@type":["Person","Organization"],"@id":"https:\/\/laiaossorio.com\/en\/#\/schema\/person\/d84e6e396b2b8b341aba32353448bc61","name":"Laia Ossorio","image":{"@type":"ImageObject","inLanguage":"en-US","@id":"https:\/\/laiaossorio.com\/wp-content\/uploads\/2025\/03\/logotipo-laia-ossorio.png","url":"https:\/\/laiaossorio.com\/wp-content\/uploads\/2025\/03\/logotipo-laia-ossorio.png","contentUrl":"https:\/\/laiaossorio.com\/wp-content\/uploads\/2025\/03\/logotipo-laia-ossorio.png","width":696,"height":696,"caption":"Laia Ossorio"},"logo":{"@id":"https:\/\/laiaossorio.com\/wp-content\/uploads\/2025\/03\/logotipo-laia-ossorio.png"},"description":"\u00a1Hola! Soy Laia Ossorio fundadora de la marca. Te animo a que te unas a la comunidad de mujeres bellas y creativas mientras te cuento de cerca mi proyecto. Las colaboraciones potentes que he realizado y la gente maravillosa que voy conociendo a lo largo del camino. As\u00ed como todo lo que me inspira actualmente.","sameAs":["http:\/\/www.laiaossorio.dev"]}]}},"_links":{"self":[{"href":"https:\/\/laiaossorio.com\/en\/wp-json\/wp\/v2\/pages\/13225","targetHints":{"allow":["GET"]}}],"collection":[{"href":"https:\/\/laiaossorio.com\/en\/wp-json\/wp\/v2\/pages"}],"about":[{"href":"https:\/\/laiaossorio.com\/en\/wp-json\/wp\/v2\/types\/page"}],"author":[{"embeddable":true,"href":"https:\/\/laiaossorio.com\/en\/wp-json\/wp\/v2\/users\/2"}],"replies":[{"embeddable":true,"href":"https:\/\/laiaossorio.com\/en\/wp-json\/wp\/v2\/comments?post=13225"}],"version-history":[{"count":5,"href":"https:\/\/laiaossorio.com\/en\/wp-json\/wp\/v2\/pages\/13225\/revisions"}],"predecessor-version":[{"id":13759,"href":"https:\/\/laiaossorio.com\/en\/wp-json\/wp\/v2\/pages\/13225\/revisions\/13759"}],"wp:featuredmedia":[{"embeddable":true,"href":"https:\/\/laiaossorio.com\/en\/wp-json\/wp\/v2\/media\/13044"}],"wp:attachment":[{"href":"https:\/\/laiaossorio.com\/en\/wp-json\/wp\/v2\/media?parent=13225"}],"curies":[{"name":"wp","href":"https:\/\/api.w.org\/{rel}","templated":true}]}}