{"id":13256,"date":"2018-05-27T17:36:18","date_gmt":"2018-05-27T15:36:18","guid":{"rendered":"https:\/\/laiaossorio.com\/envio-y-devoluciones\/"},"modified":"2025-05-13T18:07:48","modified_gmt":"2025-05-13T16:07:48","slug":"shipping-and-returns","status":"publish","type":"page","link":"https:\/\/laiaossorio.com\/en\/shipping-and-returns\/","title":{"rendered":"Shipping and returns"},"content":{"rendered":"\n<div class=\"wp-block-group container-fluid\"><div class=\"wp-block-group__inner-container is-layout-constrained wp-block-group-is-layout-constrained\">\n<div class=\"wp-block-columns row is-layout-flex wp-container-core-columns-is-layout-9d6595d7 wp-block-columns-is-layout-flex\">\n<div class=\"wp-block-column is-layout-flow wp-block-column-is-layout-flow\">\n<h2 class=\"wp-block-heading\"><strong>Shipping<\/strong><\/h2>\n\n\n\n<p><strong>Important Information<\/strong><\/p>\n\n\n\n<p>Please note that each piece is handcrafted in our workshop in Barcelona and requires 2 to 3 weeks of preparation, in addition to the shipping time, which varies depending on your location.<\/p>\n\n\n\n<p>Once your order is ready, we will send you an email with the tracking number for the shipment.<\/p>\n\n\n\n<p><strong>Local Pickup (Barcelona)<\/strong><\/p>\n\n\n\n<p>We offer free local pickup for our customers in Barcelona. We will notify you when your order is ready, and you can pick it up at our workshop from Monday to Friday, 11:00 AM to 6:00 PM, with prior notice.<\/p>\n\n\n\n<p><strong>National Shipments<\/strong><\/p>\n\n\n\n<p>All national orders in Spain are shipped via Correos.<\/p>\n\n\n\n<ul class=\"wp-block-list\">\n<li>Spain (Peninsula and Balearic Islands): Shipping time is usually 3 to 5 business days &#8211; \u20ac5<\/li>\n\n\n\n<li>Spain (Canary Islands, Ceuta, and Melilla): Shipping time is usually 4 to 5 business days &#8211; \u20ac10<\/li>\n\n\n\n<li>For purchases over \u20ac160, national shipping is free throughout Spain, including Peninsula, Balearic Islands, Canary Islands, Ceuta, and Melilla.<\/li>\n<\/ul>\n\n\n\n<p><strong>International Shipments<\/strong><\/p>\n\n\n\n<p>All international orders are shipped via UPS.<\/p>\n\n\n\n<ul class=\"wp-block-list\">\n<li>Europe: 4 to 7 business days &#8211; \u20ac16<\/li>\n\n\n\n<li>America: 5 to 7 business days &#8211; \u20ac24<\/li>\n\n\n\n<li>Africa, Asia, Oceania: 5 to 7 business days &#8211; \u20ac30<\/li>\n\n\n\n<li>For purchases over \u20ac350, international shipping is free.<\/li>\n<\/ul>\n\n\n\n<p><strong>Return and Exchange Policy<\/strong><\/p>\n\n\n\n<p>We want you to be completely satisfied with your purchase. If not, we accept returns and exchanges under the following conditions:<\/p>\n\n\n\n<p><strong>Return Period:<\/strong><\/p>\n\n\n\n<p>You have 15 days from the date of receipt of your order to request a return. Once approved, you will have 5 days to send the items back via UPS using the provided return label. Laia Ossorio will not accept returns that have not been previously notified by the customer or that are made outside the specified time frame.<\/p>\n\n\n\n<p><strong>Return Process<\/strong><\/p>\n\n\n\n<p>Instructions for returning a package to Laia Ossorio:<\/p>\n\n\n\n<ol class=\"wp-block-list\">\n<li>Send an email to <a href=\"mailto:info@laiaossorio.com\">info@laiaossorio.com<\/a> indicating the order number, item references, and the reason for the return.<\/li>\n\n\n\n<li>Once approved, you will receive an email with a prepaid return label and instructions on how to return the items.<\/li>\n\n\n\n<li>Repackage all the items in a sturdy bag, ensuring you include all original content.<\/li>\n\n\n\n<li>Once you have the return label, print it and attach it to the package with clear tape, ensuring it is visible.<\/li>\n\n\n\n<li>Visit the UPS website: <a href=\"https:\/\/www.ups.com\/es\/es\/Home.page\">https:\/\/www.ups.com\/es\/es\/Home.page<\/a> and, in the top left corner, select the \u201cFind the nearest UPS location\u201d option.<\/li>\n\n\n\n<li>Drop off your package at the nearest UPS location. Once we receive and verify the package, we will process the shipment of your new order. If you have any questions, please do not hesitate to contact us.<\/li>\n<\/ol>\n\n\n\n<p><strong>Conditions:<\/strong><\/p>\n\n\n\n<ul class=\"wp-block-list\">\n<li>All products must be returned unused and in perfect condition, including the packaging as part of the product.<\/li>\n\n\n\n<li>Returns outside of the specified time frame will not be refunded and must be collected from our warehouse at your expense.<\/li>\n\n\n\n<li>Customers are responsible for shipping costs for returns or exchanges. Shipping costs will only be refunded if we determine that the products were defective before being shipped.<\/li>\n<\/ul>\n\n\n\n<p><strong>Fees and Refunds:<\/strong><\/p>\n\n\n\n<p>Please note that Laia Ossorio will not refund taxes or international duties.<\/p>\n\n\n\n<p>A processing fee for the return will be deducted from the refunded amount.<\/p>\n\n\n\n<p>Returns and exchanges will be managed by our team via UPS. The cost for returns and exchanges outside of Europe is \u20ac30, and this amount will be deducted from the refund.<\/p>\n<\/div>\n<\/div>\n<\/div><\/div>\n","protected":false},"excerpt":{"rendered":"","protected":false},"author":2,"featured_media":0,"parent":0,"menu_order":0,"comment_status":"closed","ping_status":"closed","template":"","meta":{"inline_featured_image":false,"postBodyCss":"","postBodyMargin":[],"postBodyPadding":[],"postBodyBackground":{"backgroundType":"classic","gradient":""},"footnotes":""},"class_list":{"0":"post-13256","1":"page","2":"type-page","3":"status-publish","5":"infinite-scroll-item","6":"no-featured-image-padding"},"yoast_head":"<!-- This site is optimized with the Yoast SEO plugin v27.3 - https:\/\/yoast.com\/product\/yoast-seo-wordpress\/ -->\n<title>Env\u00edo y devoluciones - Laia Ossorio<\/title>\n<meta name=\"description\" content=\"Todos los pedidos se realizan en nuestro taller, uno a uno y con t\u00e9cnicas artesanales y respetando el m\u00e1ximo el medio ambiente. Los productos se env\u00edan en un plazo m\u00e1ximo de 21 d\u00edas* debido a su fabricaci\u00f3n manual, todo dependiendo de la \u00e9poca del a\u00f1o y\/o volumen de trabajo.\" \/>\n<meta name=\"robots\" content=\"index, follow, max-snippet:-1, max-image-preview:large, max-video-preview:-1\" \/>\n<link rel=\"canonical\" href=\"https:\/\/laiaossorio.com\/en\/shipping-and-returns\/\" \/>\n<meta property=\"og:locale\" content=\"en_US\" \/>\n<meta property=\"og:type\" content=\"article\" \/>\n<meta property=\"og:title\" content=\"Env\u00edo y devoluciones - Laia Ossorio\" \/>\n<meta property=\"og:description\" content=\"Todos los pedidos se realizan en nuestro taller, uno a uno y con t\u00e9cnicas artesanales y respetando el m\u00e1ximo el medio ambiente. Los productos se env\u00edan en un plazo m\u00e1ximo de 21 d\u00edas* debido a su fabricaci\u00f3n manual, todo dependiendo de la \u00e9poca del a\u00f1o y\/o volumen de trabajo.\" \/>\n<meta property=\"og:url\" content=\"https:\/\/laiaossorio.com\/en\/shipping-and-returns\/\" \/>\n<meta property=\"og:site_name\" content=\"Laia Ossorio\" \/>\n<meta property=\"article:modified_time\" content=\"2025-05-13T16:07:48+00:00\" \/>\n<meta property=\"og:image\" content=\"https:\/\/laiaossorio.com\/wp-content\/uploads\/2025\/03\/imagen-sitio-laia-ossorio.png\" \/>\n\t<meta property=\"og:image:width\" content=\"1200\" \/>\n\t<meta property=\"og:image:height\" content=\"675\" \/>\n\t<meta property=\"og:image:type\" content=\"image\/png\" \/>\n<meta name=\"twitter:card\" content=\"summary_large_image\" \/>\n<meta name=\"twitter:label1\" content=\"Est. reading time\" \/>\n\t<meta name=\"twitter:data1\" content=\"3 minutes\" \/>\n<script type=\"application\/ld+json\" class=\"yoast-schema-graph\">{\"@context\":\"https:\\\/\\\/schema.org\",\"@graph\":[{\"@type\":\"WebPage\",\"@id\":\"https:\\\/\\\/laiaossorio.com\\\/en\\\/shipping-and-returns\\\/\",\"url\":\"https:\\\/\\\/laiaossorio.com\\\/en\\\/shipping-and-returns\\\/\",\"name\":\"Env\u00edo y devoluciones - Laia Ossorio\",\"isPartOf\":{\"@id\":\"https:\\\/\\\/laiaossorio.com\\\/en\\\/#website\"},\"datePublished\":\"2018-05-27T15:36:18+00:00\",\"dateModified\":\"2025-05-13T16:07:48+00:00\",\"description\":\"Todos los pedidos se realizan en nuestro taller, uno a uno y con t\u00e9cnicas artesanales y respetando el m\u00e1ximo el medio ambiente. Los productos se env\u00edan en un plazo m\u00e1ximo de 21 d\u00edas* debido a su fabricaci\u00f3n manual, todo dependiendo de la \u00e9poca del a\u00f1o y\\\/o volumen de trabajo.\",\"breadcrumb\":{\"@id\":\"https:\\\/\\\/laiaossorio.com\\\/en\\\/shipping-and-returns\\\/#breadcrumb\"},\"inLanguage\":\"en-US\",\"potentialAction\":[{\"@type\":\"ReadAction\",\"target\":[\"https:\\\/\\\/laiaossorio.com\\\/en\\\/shipping-and-returns\\\/\"]}]},{\"@type\":\"BreadcrumbList\",\"@id\":\"https:\\\/\\\/laiaossorio.com\\\/en\\\/shipping-and-returns\\\/#breadcrumb\",\"itemListElement\":[{\"@type\":\"ListItem\",\"position\":1,\"name\":\"Portada\",\"item\":\"https:\\\/\\\/laiaossorio.com\\\/en\\\/\"},{\"@type\":\"ListItem\",\"position\":2,\"name\":\"Shipping and returns\"}]},{\"@type\":\"WebSite\",\"@id\":\"https:\\\/\\\/laiaossorio.com\\\/en\\\/#website\",\"url\":\"https:\\\/\\\/laiaossorio.com\\\/en\\\/\",\"name\":\"Laia Ossorio\",\"description\":\"Joyer\u00eda artesanal en metales preciosos en Barcelon\",\"publisher\":{\"@id\":\"https:\\\/\\\/laiaossorio.com\\\/en\\\/#\\\/schema\\\/person\\\/d84e6e396b2b8b341aba32353448bc61\"},\"potentialAction\":[{\"@type\":\"SearchAction\",\"target\":{\"@type\":\"EntryPoint\",\"urlTemplate\":\"https:\\\/\\\/laiaossorio.com\\\/en\\\/?s={search_term_string}\"},\"query-input\":{\"@type\":\"PropertyValueSpecification\",\"valueRequired\":true,\"valueName\":\"search_term_string\"}}],\"inLanguage\":\"en-US\"},{\"@type\":[\"Person\",\"Organization\"],\"@id\":\"https:\\\/\\\/laiaossorio.com\\\/en\\\/#\\\/schema\\\/person\\\/d84e6e396b2b8b341aba32353448bc61\",\"name\":\"Laia Ossorio\",\"image\":{\"@type\":\"ImageObject\",\"inLanguage\":\"en-US\",\"@id\":\"https:\\\/\\\/laiaossorio.com\\\/wp-content\\\/uploads\\\/2025\\\/03\\\/logotipo-laia-ossorio.png\",\"url\":\"https:\\\/\\\/laiaossorio.com\\\/wp-content\\\/uploads\\\/2025\\\/03\\\/logotipo-laia-ossorio.png\",\"contentUrl\":\"https:\\\/\\\/laiaossorio.com\\\/wp-content\\\/uploads\\\/2025\\\/03\\\/logotipo-laia-ossorio.png\",\"width\":696,\"height\":696,\"caption\":\"Laia Ossorio\"},\"logo\":{\"@id\":\"https:\\\/\\\/laiaossorio.com\\\/wp-content\\\/uploads\\\/2025\\\/03\\\/logotipo-laia-ossorio.png\"},\"description\":\"\u00a1Hola! Soy Laia Ossorio fundadora de la marca. Te animo a que te unas a la comunidad de mujeres bellas y creativas mientras te cuento de cerca mi proyecto. Las colaboraciones potentes que he realizado y la gente maravillosa que voy conociendo a lo largo del camino. As\u00ed como todo lo que me inspira actualmente.\",\"sameAs\":[\"http:\\\/\\\/www.laiaossorio.dev\"]}]}<\/script>\n<!-- \/ Yoast SEO plugin. -->","yoast_head_json":{"title":"Env\u00edo y devoluciones - Laia Ossorio","description":"Todos los pedidos se realizan en nuestro taller, uno a uno y con t\u00e9cnicas artesanales y respetando el m\u00e1ximo el medio ambiente. Los productos se env\u00edan en un plazo m\u00e1ximo de 21 d\u00edas* debido a su fabricaci\u00f3n manual, todo dependiendo de la \u00e9poca del a\u00f1o y\/o volumen de trabajo.","robots":{"index":"index","follow":"follow","max-snippet":"max-snippet:-1","max-image-preview":"max-image-preview:large","max-video-preview":"max-video-preview:-1"},"canonical":"https:\/\/laiaossorio.com\/en\/shipping-and-returns\/","og_locale":"en_US","og_type":"article","og_title":"Env\u00edo y devoluciones - Laia Ossorio","og_description":"Todos los pedidos se realizan en nuestro taller, uno a uno y con t\u00e9cnicas artesanales y respetando el m\u00e1ximo el medio ambiente. Los productos se env\u00edan en un plazo m\u00e1ximo de 21 d\u00edas* debido a su fabricaci\u00f3n manual, todo dependiendo de la \u00e9poca del a\u00f1o y\/o volumen de trabajo.","og_url":"https:\/\/laiaossorio.com\/en\/shipping-and-returns\/","og_site_name":"Laia Ossorio","article_modified_time":"2025-05-13T16:07:48+00:00","og_image":[{"width":1200,"height":675,"url":"https:\/\/laiaossorio.com\/wp-content\/uploads\/2025\/03\/imagen-sitio-laia-ossorio.png","type":"image\/png"}],"twitter_card":"summary_large_image","twitter_misc":{"Est. reading time":"3 minutes"},"schema":{"@context":"https:\/\/schema.org","@graph":[{"@type":"WebPage","@id":"https:\/\/laiaossorio.com\/en\/shipping-and-returns\/","url":"https:\/\/laiaossorio.com\/en\/shipping-and-returns\/","name":"Env\u00edo y devoluciones - Laia Ossorio","isPartOf":{"@id":"https:\/\/laiaossorio.com\/en\/#website"},"datePublished":"2018-05-27T15:36:18+00:00","dateModified":"2025-05-13T16:07:48+00:00","description":"Todos los pedidos se realizan en nuestro taller, uno a uno y con t\u00e9cnicas artesanales y respetando el m\u00e1ximo el medio ambiente. Los productos se env\u00edan en un plazo m\u00e1ximo de 21 d\u00edas* debido a su fabricaci\u00f3n manual, todo dependiendo de la \u00e9poca del a\u00f1o y\/o volumen de trabajo.","breadcrumb":{"@id":"https:\/\/laiaossorio.com\/en\/shipping-and-returns\/#breadcrumb"},"inLanguage":"en-US","potentialAction":[{"@type":"ReadAction","target":["https:\/\/laiaossorio.com\/en\/shipping-and-returns\/"]}]},{"@type":"BreadcrumbList","@id":"https:\/\/laiaossorio.com\/en\/shipping-and-returns\/#breadcrumb","itemListElement":[{"@type":"ListItem","position":1,"name":"Portada","item":"https:\/\/laiaossorio.com\/en\/"},{"@type":"ListItem","position":2,"name":"Shipping and returns"}]},{"@type":"WebSite","@id":"https:\/\/laiaossorio.com\/en\/#website","url":"https:\/\/laiaossorio.com\/en\/","name":"Laia Ossorio","description":"Joyer\u00eda artesanal en metales preciosos en Barcelon","publisher":{"@id":"https:\/\/laiaossorio.com\/en\/#\/schema\/person\/d84e6e396b2b8b341aba32353448bc61"},"potentialAction":[{"@type":"SearchAction","target":{"@type":"EntryPoint","urlTemplate":"https:\/\/laiaossorio.com\/en\/?s={search_term_string}"},"query-input":{"@type":"PropertyValueSpecification","valueRequired":true,"valueName":"search_term_string"}}],"inLanguage":"en-US"},{"@type":["Person","Organization"],"@id":"https:\/\/laiaossorio.com\/en\/#\/schema\/person\/d84e6e396b2b8b341aba32353448bc61","name":"Laia Ossorio","image":{"@type":"ImageObject","inLanguage":"en-US","@id":"https:\/\/laiaossorio.com\/wp-content\/uploads\/2025\/03\/logotipo-laia-ossorio.png","url":"https:\/\/laiaossorio.com\/wp-content\/uploads\/2025\/03\/logotipo-laia-ossorio.png","contentUrl":"https:\/\/laiaossorio.com\/wp-content\/uploads\/2025\/03\/logotipo-laia-ossorio.png","width":696,"height":696,"caption":"Laia Ossorio"},"logo":{"@id":"https:\/\/laiaossorio.com\/wp-content\/uploads\/2025\/03\/logotipo-laia-ossorio.png"},"description":"\u00a1Hola! Soy Laia Ossorio fundadora de la marca. Te animo a que te unas a la comunidad de mujeres bellas y creativas mientras te cuento de cerca mi proyecto. Las colaboraciones potentes que he realizado y la gente maravillosa que voy conociendo a lo largo del camino. As\u00ed como todo lo que me inspira actualmente.","sameAs":["http:\/\/www.laiaossorio.dev"]}]}},"_links":{"self":[{"href":"https:\/\/laiaossorio.com\/en\/wp-json\/wp\/v2\/pages\/13256","targetHints":{"allow":["GET"]}}],"collection":[{"href":"https:\/\/laiaossorio.com\/en\/wp-json\/wp\/v2\/pages"}],"about":[{"href":"https:\/\/laiaossorio.com\/en\/wp-json\/wp\/v2\/types\/page"}],"author":[{"embeddable":true,"href":"https:\/\/laiaossorio.com\/en\/wp-json\/wp\/v2\/users\/2"}],"replies":[{"embeddable":true,"href":"https:\/\/laiaossorio.com\/en\/wp-json\/wp\/v2\/comments?post=13256"}],"version-history":[{"count":3,"href":"https:\/\/laiaossorio.com\/en\/wp-json\/wp\/v2\/pages\/13256\/revisions"}],"predecessor-version":[{"id":13830,"href":"https:\/\/laiaossorio.com\/en\/wp-json\/wp\/v2\/pages\/13256\/revisions\/13830"}],"wp:attachment":[{"href":"https:\/\/laiaossorio.com\/en\/wp-json\/wp\/v2\/media?parent=13256"}],"curies":[{"name":"wp","href":"https:\/\/api.w.org\/{rel}","templated":true}]}}